{"id":50439,"date":"2024-10-13T15:41:49","date_gmt":"2024-10-13T15:41:49","guid":{"rendered":"https:\/\/www.agtm.fi\/?page_id=50439"},"modified":"2024-10-14T19:31:23","modified_gmt":"2024-10-14T19:31:23","slug":"tietosuojaseloste","status":"publish","type":"page","link":"https:\/\/www.agtm.fi\/fi\/tietosuojaseloste\/","title":{"rendered":"Tietosuojaseloste"},"content":{"rendered":"\t\t<div data-elementor-type=\"wp-page\" data-elementor-id=\"50439\" class=\"elementor elementor-50439\" data-elementor-post-type=\"page\">\n\t\t\t\t<div class=\"elementor-element elementor-element-f8abc9b e-flex e-con-boxed e-con e-parent\" data-id=\"f8abc9b\" data-element_type=\"container\" data-e-type=\"container\">\n\t\t\t\t\t<div class=\"e-con-inner\">\n\t\t\t\t<div class=\"elementor-element elementor-element-0ba59e3 elementor-widget elementor-widget-text-editor\" data-id=\"0ba59e3\" data-element_type=\"widget\" data-e-type=\"widget\" data-widget_type=\"text-editor.default\">\n\t\t\t\t\t\t\t\t\t<p><strong>AGRITOUKOLA MACHINERY OY:N ASIAKASREKISTERIN TIETOSUOJASELOSTE<\/strong><\/p>\n<p><strong>1 REKISTERINPIT\u00c4J\u00c4<\/strong><\/p>\n<p>Rekisterinpit\u00e4j\u00e4n\u00e4 on Agritoukola Machinery Oy, Pakkalantie 281, 36430 Kangasala<\/p>\n<p><\/p>\n<p><strong>2 YHTEYSHENKIL\u00d6 REKISTERI\u00c4 KOSKEVISSA ASIOISSA<\/strong><strong><br><\/strong><br>Agritoukola Machinery Oy<\/p>\n<p>Juha-Pekka Toukola<\/p>\n<p>Pakkalantie 281, 36430 Kangasala<\/p>\n<p>juha-pekka(a)agritoukola.fi<\/p>\n<p><\/p>\n<p><strong>3 REKISTERIN NIMI<\/strong><\/p>\n<p>Agritoukola Machinery Oy:n asiakasrekisteri.<\/p>\n<p><\/p>\n<p><strong>4 K\u00c4SITTELYN OIKEUSPERUSTE JA HENKIL\u00d6TIETOJEN K\u00c4SITTELYN TARKOITUS<\/strong><strong><br><\/strong><br>Henkil\u00f6tietoja k\u00e4sitell\u00e4\u00e4n tarkoituksissa, jotka liittyv\u00e4t asiakassuhteen hoitamiseen- kehitt\u00e4miseen ja hallinnointiin, sopimuksen tai sen edelt\u00e4vien toimenpiteiden t\u00e4yt\u00e4nt\u00f6\u00f6npanoon, tiedusteluihin, tarjouspyynt\u00f6jen valmisteluun ja l\u00e4hett\u00e4miseen, palvelujen tarjoamiseen ja toimittamiseen ja korjaustietojen hallinnointiin sek\u00e4 laskutukseen.&nbsp;<\/p>\n<p>Henkil\u00f6tietoja k\u00e4sitell\u00e4\u00e4n seuraavin oikeusperustein:<\/p>\n<p>(a) Rekister\u00f6ity on antanut suostumuksensa henkil\u00f6tietojensa k\u00e4sittelyyn t\u00e4m\u00e4n tietosuojaselosteen mukaisiin tarkoituksiin;<\/p>\n<p>(b) K\u00e4sittely on tarpeen sellaisen sopimuksen tai sen edelt\u00e4vien toimenpiteiden t\u00e4yt\u00e4nt\u00f6\u00f6n panemiseksi, jossa rekister\u00f6ity on osapuolena;<\/p>\n<p>(c) K\u00e4sittely on tarpeen rekisterinpit\u00e4j\u00e4n oikeutettujen etujen toteuttamiseksi.<\/p>\n<p><strong>Oikeutettu etu<\/strong><br>Rekisterin tietojen k\u00e4sittely perustuu oikeutettuun etuun markkinoida ja tarjota tuotteitaan ja palveluitaan seuraavien k\u00e4sittelytoimenpiteiden osalta:<\/p>\n<p>\u2013 Asiakaspalautteen ker\u00e4\u00e4minen<br>\u2013 Asiakassuhteen hoitaminen ja siihen liittyv\u00e4 markkinointi<\/p>\n<p><strong>5 REKISTERIN TIETOSIS\u00c4LT\u00d6<\/strong><strong><br><\/strong><br>Rekisterinpit\u00e4j\u00e4 ker\u00e4\u00e4 rekister\u00f6idyist\u00e4 rekisterin k\u00e4ytt\u00f6tarkoitusten kannalta tarpeellisia henkil\u00f6tietoja.<\/p>\n<p>Rekisteri sis\u00e4lt\u00e4\u00e4 kaikista rekister\u00f6idyist\u00e4 seuraavat henkil\u00f6tiedot: nimi, postiosoite, puhelinnumero, s\u00e4hk\u00f6postiosoite.<\/p>\n<p><strong>6 S\u00c4\u00c4NN\u00d6NMUKAISET TIETOL\u00c4HTEET<\/strong><strong><br><\/strong><br>Henkil\u00f6tietoja ker\u00e4t\u00e4\u00e4n rekister\u00f6idylt\u00e4 henkil\u00f6lt\u00e4 itselt\u00e4\u00e4n.<\/p>\n<p><strong>7 HENKIL\u00d6TIETOJEN VASTAANOTTAJAT (VASTAANOTTAJARYHM\u00c4T) SEK\u00c4 TIETOJEN S\u00c4\u00c4NN\u00d6NMUKAISET LUOVUTUKSET<\/strong><strong><br><\/strong><br>Rekisterinpit\u00e4j\u00e4 k\u00e4ytt\u00e4\u00e4 henkil\u00f6tietojen k\u00e4sittelyteht\u00e4vien toteuttamisessa rekisterinpit\u00e4j\u00e4n lukuun toimivia sopimuskumppaneita eli henkil\u00f6tietojen k\u00e4sittelij\u00f6it\u00e4, joille siirret\u00e4\u00e4n yhteisty\u00f6n puitteissa henkil\u00f6tietoja toimeksiantosopimuksen ja sen tietosuojaehtojen mukaisesti k\u00e4sitelt\u00e4v\u00e4ksi rekisterinpit\u00e4j\u00e4n ohjeistusten mukaisesti. T\u00e4llaisia henkil\u00f6tietojen k\u00e4sittelij\u00f6it\u00e4 ovat esimerkiksi ICT-, kyselytutkimusten ja viestint\u00e4- ja markkinointipalvelujen tuottajat.<\/p>\n<p><strong>8 TIETOJEN SIIRTO EU:N TAI ETA:N ULKOPUOLELLE<\/strong><strong><br><\/strong><br>Rekisteriin sis\u00e4ltyvi\u00e4 henkil\u00f6tietoja ei siirret\u00e4 EU:n tai ETA:n ulkopuolelle.<\/p>\n<p><strong>9 HENKIL\u00d6TIETOJEN S\u00c4ILYTYSAJAT<\/strong><strong><br><\/strong><br>Agritoukola Machinery Oy s\u00e4ilytt\u00e4\u00e4 henkil\u00f6tiedot lains\u00e4\u00e4d\u00e4nt\u00f6\u00e4 noudattaen.<\/p>\n<p>Tietoja s\u00e4ilytet\u00e4\u00e4n vain niin kauan kuin on tarpeellista tai m\u00e4\u00e4ritetty tietosuojaselosteessa nimettyjen k\u00e4sittelyn tarkoitusten kannalta.<\/p>\n<p><\/p>\n<p><strong>10 HENKIL\u00d6TIETOJEN SUOJAUKSEN PERIAATTEET<\/strong><strong><br><\/strong><br>Henkil\u00f6tietoja sis\u00e4lt\u00e4vi\u00e4 manuaalisia aineistoja s\u00e4ilytet\u00e4\u00e4n lukituissa tiloissa, joihin on p\u00e4\u00e4sy ainoastaan nimetyill\u00e4 ja teht\u00e4viens\u00e4 vuoksi p\u00e4\u00e4syyn valtuutetuilla henkil\u00f6ill\u00e4. Henkil\u00f6tietoja sis\u00e4lt\u00e4v\u00e4 tietokanta on palvelimella, jota s\u00e4ilytet\u00e4\u00e4n lukitussa tilassa, johon on p\u00e4\u00e4sy ainoastaan nimetyill\u00e4 ja teht\u00e4viens\u00e4 vuoksi p\u00e4\u00e4syyn valtuutetuilla henkil\u00f6ill\u00e4.<\/p>\n<p>Henkil\u00f6tietojen k\u00e4sittelyss\u00e4 noudatetaan huolellisuutta ja rekisterinpit\u00e4j\u00e4 on huolehtinut asianmukaisista teknisist\u00e4 ja organisatorisista toimenpiteist\u00e4 rekisterin suojaamiseksi. S\u00e4hk\u00f6isess\u00e4 muodossa olevat henkil\u00f6tiedot on suojattu asianmukaisella palomuurilla ja teknisell\u00e4 suojauksella. Tietojen k\u00e4ytt\u00f6oikeudet ja valtuudet tietoj\u00e4rjestelmiin on rajattu, ja ne on suojattu k\u00e4ytt\u00e4j\u00e4tunnuksin ja salasanoin. Rekisterinpit\u00e4j\u00e4 huolehtii siit\u00e4, ett\u00e4 tallennettuja henkil\u00f6tietoja sek\u00e4 palvelimien k\u00e4ytt\u00f6oikeuksia ja muita henkil\u00f6tietojen turvallisuuden kannalta kriittisi\u00e4 tietoja k\u00e4sitell\u00e4\u00e4n luottamuksellisesti ja vain niiden ty\u00f6ntekij\u00f6iden toimesta, joiden ty\u00f6nkuvaan se kuuluu.<\/p>\n<p>Rekisterinpit\u00e4j\u00e4n ty\u00f6ntekij\u00e4t on ohjeistettu ja koulutettu tietoturvan ja henkil\u00f6tietojen k\u00e4sittelyn luottamuksellisuuden varmistamiseksi, mink\u00e4 lis\u00e4ksi ty\u00f6ntekij\u00e4t ja muut henkil\u00f6t ovat sitoutuneet noudattamaan vaitiolovelvollisuutta ja pit\u00e4m\u00e4\u00e4n salassa henkil\u00f6tietojen k\u00e4sittelyn yhteydess\u00e4 saamansa tiedot.<\/p>\n<p><strong>11 REKISTER\u00d6IDYN OIKEUDET<\/strong><\/p>\n<p>Rekister\u00f6idyill\u00e4 on seuraavat oikeudet:<\/p>\n<p>\u2013 Tiet\u00e4\u00e4, ett\u00e4 h\u00e4nen tietojaan ker\u00e4t\u00e4\u00e4n ja k\u00e4sitell\u00e4\u00e4n sek\u00e4 tietojen k\u00e4ytt\u00f6tarkoitus<br>\u2013 Tiet\u00e4\u00e4 mit\u00e4 tietoa h\u00e4nest\u00e4 on ker\u00e4tty ja kauanko niit\u00e4 s\u00e4ilytet\u00e4\u00e4n<br>\u2013 Saada mahdolliset virheelliset tiedot oikaistuiksi<br>\u2013 Saada tietonsa halutessaan poistetuksi eli oikeus tulla unohdetuksi, mik\u00e4li &nbsp;&nbsp;&nbsp;&nbsp;&nbsp;k\u00e4sittelyperustetta henkil\u00f6tiedolle ei ole<br>\u2013 Rajoittaa tietojensa k\u00e4sittely\u00e4 tiettyihin tarkoituksiin<br>\u2013 Siirt\u00e4\u00e4 tietoja rekisterist\u00e4 toiseen soveltuvin osin<br>\u2013 Saada tieto rekisterinpit\u00e4j\u00e4\u00e4n kohdistuneesta tietoturvaloukkauksesta, jos t\u00e4m\u00e4 aiheuttaa korkean riskin h\u00e4nen oikeuksilleen ja vapauksilleen<br>\u2013 Vaatia korvausta tietoturvaloukkauksesta h\u00e4nelle aiheutuneista vahingoista<br>\u2013 Saattaa henkil\u00f6tietojen k\u00e4sittely\u00e4 koskeva valitus tietosuojaviranomaisten tarkasteltavaksi.<\/p>\n<p>Rekister\u00f6idyn oikeuksien toteuttamista koskevat pyynn\u00f6t tulisi l\u00e4hett\u00e4\u00e4 osoitteeseen juha-pekka(a)agritoukola.fi<\/p>\n<p>Rekisterinpit\u00e4j\u00e4 pyyt\u00e4\u00e4 tarvittaessa pyynn\u00f6n esitt\u00e4j\u00e4\u00e4 todistamaan henkil\u00f6llisyytens\u00e4. Rekisterinpit\u00e4j\u00e4 vastaa asiakkaalle EU:n yleisess\u00e4 tietosuoja-asetuksessa s\u00e4\u00e4detyss\u00e4 ajassa.<\/p>\t\t\t\t\t\t\t\t<\/div>\n\t\t\t\t\t<\/div>\n\t\t\t\t<\/div>\n\t\t\t\t<\/div>\n\t\t","protected":false},"excerpt":{"rendered":"<p>AGRITOUKOLA MACHINERY OY:N ASIAKASREKISTERIN TIETOSUOJASELOSTE 1 REKISTERINPIT\u00c4J\u00c4 Rekisterinpit\u00e4j\u00e4n\u00e4 on Agritoukola Machinery Oy, Pakkalantie 281, 36430 Kangasala 2 YHTEYSHENKIL\u00d6 REKISTERI\u00c4 KOSKEVISSA ASIOISSA Agritoukola Machinery Oy Juha-Pekka Toukola Pakkalantie 281, 36430 Kangasala juha-pekka(a)agritoukola.fi 3 REKISTERIN NIMI Agritoukola Machinery Oy:n asiakasrekisteri. 4 K\u00c4SITTELYN OIKEUSPERUSTE JA HENKIL\u00d6TIETOJEN K\u00c4SITTELYN TARKOITUS Henkil\u00f6tietoja k\u00e4sitell\u00e4\u00e4n tarkoituksissa, jotka liittyv\u00e4t asiakassuhteen hoitamiseen- kehitt\u00e4miseen ja hallinnointiin,&hellip;<\/p>\n","protected":false},"author":1,"featured_media":0,"parent":0,"menu_order":0,"comment_status":"closed","ping_status":"closed","template":"elementor_header_footer","meta":{"_acf_changed":false,"_seopress_robots_primary_cat":"","_seopress_titles_title":"","_seopress_titles_desc":"","_seopress_robots_index":"","footnotes":""},"class_list":["post-50439","page","type-page","status-publish","hentry"],"acf":[],"_links":{"self":[{"href":"https:\/\/www.agtm.fi\/fi\/wp-json\/wp\/v2\/pages\/50439","targetHints":{"allow":["GET"]}}],"collection":[{"href":"https:\/\/www.agtm.fi\/fi\/wp-json\/wp\/v2\/pages"}],"about":[{"href":"https:\/\/www.agtm.fi\/fi\/wp-json\/wp\/v2\/types\/page"}],"author":[{"embeddable":true,"href":"https:\/\/www.agtm.fi\/fi\/wp-json\/wp\/v2\/users\/1"}],"replies":[{"embeddable":true,"href":"https:\/\/www.agtm.fi\/fi\/wp-json\/wp\/v2\/comments?post=50439"}],"version-history":[{"count":0,"href":"https:\/\/www.agtm.fi\/fi\/wp-json\/wp\/v2\/pages\/50439\/revisions"}],"wp:attachment":[{"href":"https:\/\/www.agtm.fi\/fi\/wp-json\/wp\/v2\/media?parent=50439"}],"curies":[{"name":"wp","href":"https:\/\/api.w.org\/{rel}","templated":true}]}}