{"id":48645,"date":"2024-02-27T18:54:38","date_gmt":"2024-02-27T18:54:38","guid":{"rendered":"https:\/\/www.agtm.fi\/?post_type=product&#038;p=48645"},"modified":"2024-06-02T14:34:24","modified_gmt":"2024-06-02T14:34:24","slug":"vogelsang-blackbird-veitsimultain","status":"publish","type":"product","link":"https:\/\/www.agtm.fi\/fi\/product\/vogelsang-blackbird-veitsimultain\/","title":{"rendered":"Vogelsang Blackbird &#8211; veitsimultain"},"content":{"rendered":"\t\t<div data-elementor-type=\"product-post\" data-elementor-id=\"48645\" class=\"elementor elementor-48645\" data-elementor-post-type=\"product\">\n\t\t\t\t\t\t<section class=\"elementor-section elementor-top-section elementor-element elementor-element-164b1ae elementor-section-boxed elementor-section-height-default elementor-section-height-default\" data-id=\"164b1ae\" data-element_type=\"section\" data-e-type=\"section\">\n\t\t\t\t\t\t<div class=\"elementor-container elementor-column-gap-wide\">\n\t\t\t\t\t<div class=\"elementor-column elementor-col-50 elementor-top-column elementor-element elementor-element-7a406eb\" data-id=\"7a406eb\" data-element_type=\"column\" data-e-type=\"column\">\n\t\t\t<div class=\"elementor-widget-wrap elementor-element-populated\">\n\t\t\t\t\t\t<div class=\"elementor-element elementor-element-525d1a7 elementor-widget elementor-widget-text-editor\" data-id=\"525d1a7\" data-element_type=\"widget\" data-e-type=\"widget\" data-widget_type=\"text-editor.default\">\n\t\t\t\t\t\t\t\t\t<p>Duis pharetra pharetra elit in vulputate. Donec in libero convallis. Sed vulputate varius enim nec suscipit. Phasellus viverra justo vel egestas ullamcorper nibh enim suscipit dui.<\/p><p>Curabitur rhoncus &#8211; faucibus magna. Sed at ligula convallis, porttitor lectus sit amet. Phasellus viverra justo vel egestas ullamcorper nibh enim suscipit dui.<\/p>\t\t\t\t\t\t\t\t<\/div>\n\t\t\t\t\t<\/div>\n\t\t<\/div>\n\t\t\t\t<div class=\"elementor-column elementor-col-50 elementor-top-column elementor-element elementor-element-7a2d8d2\" data-id=\"7a2d8d2\" data-element_type=\"column\" data-e-type=\"column\">\n\t\t\t<div class=\"elementor-widget-wrap elementor-element-populated\">\n\t\t\t\t\t\t<div class=\"elementor-element elementor-element-cbccdd0 icon-vertical-align-center content-align-left icon-box-vertical-align-top icon-position-left elementor-widget elementor-widget-the7_icon_box_grid_widget\" data-id=\"cbccdd0\" data-element_type=\"widget\" data-e-type=\"widget\" data-widget_type=\"the7_icon_box_grid_widget.default\">\n\t\t\t\t<div class=\"elementor-widget-container\">\n\t\t\t\t\t<div class=\"the7-box-grid-wrapper the7-elementor-widget loading-effect-none the7_icon_box_grid_widget-cbccdd0\">\t\t\t<div class=\"dt-css-grid\">\n\t\t\t\t\t\t\t\t\t<div class=\"wf-cell shown\">\n\t\t\t\t\t\t<div class=\"the7-icon-box-grid\">\t\t\t\t\t\t\t<div class=\"box-content-wrapper\">\n\t\t\t\t\t\t\t\t\t\t\t\t\t\t\t\t\t<a class=\"elementor-icon-div\" aria-label=\"Nam a neque dolor volutpat nec est ut laoreet\">\t\t\t\t\t\t\t\t\t\t<div class=\"elementor-icon\">\n\t\t\t\t\t\t\t\t\t\t\t\t\t\t\t\t\t\t\t\t\t<\/div>\n\t\t\t\t\t\t\t\t\t<\/a>\t\t\t\t\t\t\t\t\t\t\t\t\t\t\t\t<div class=\"box-content\">\n\t\t\t\t\t\t\t\t\t\t\t\t\t\t\t\t\t\t\t\t\t\t\t\t\t\t\t\t\t<h4 class=\"box-heading\">\n\t\t\t\t\t\t\t\t\t\t\t<a aria-label=\"Nam a neque dolor volutpat nec est ut laoreet\">\t\t\t\t\t\t\t\t\t\t\t\tNam a neque dolor volutpat nec est ut laoreet\t\t\t\t\t\t\t\t\t\t\t<\/a>\t\t\t\t\t\t\t\t\t\t<\/h4>\n\t\t\t\t\t\t\t\t\t\t\t\t\t\t\t\t\t\t\t\t\t\t\t\t\t\t\t\t\t\t\t\t\t\t\t<\/div>\n\t\t\t\t\t\t\t<\/div>\n\t\t\t\t\t\t<\/div>\t\t\t\t\t<\/div>\n\t\t\t\t\t\t\t\t\t<div class=\"wf-cell shown\">\n\t\t\t\t\t\t<div class=\"the7-icon-box-grid\">\t\t\t\t\t\t\t<div class=\"box-content-wrapper\">\n\t\t\t\t\t\t\t\t\t\t\t\t\t\t\t\t\t<a class=\"elementor-icon-div\" aria-label=\"Ut elit mattis pulvinar volutpat lectus\">\t\t\t\t\t\t\t\t\t\t<div class=\"elementor-icon\">\n\t\t\t\t\t\t\t\t\t\t\t\t\t\t\t\t\t\t\t\t\t<\/div>\n\t\t\t\t\t\t\t\t\t<\/a>\t\t\t\t\t\t\t\t\t\t\t\t\t\t\t\t<div class=\"box-content\">\n\t\t\t\t\t\t\t\t\t\t\t\t\t\t\t\t\t\t\t\t\t\t\t\t\t\t\t\t\t<h4 class=\"box-heading\">\n\t\t\t\t\t\t\t\t\t\t\t<a aria-label=\"Ut elit mattis pulvinar volutpat lectus\">\t\t\t\t\t\t\t\t\t\t\t\tUt elit mattis pulvinar volutpat lectus\t\t\t\t\t\t\t\t\t\t\t<\/a>\t\t\t\t\t\t\t\t\t\t<\/h4>\n\t\t\t\t\t\t\t\t\t\t\t\t\t\t\t\t\t\t\t\t\t\t\t\t\t\t\t\t\t\t\t\t\t\t\t<\/div>\n\t\t\t\t\t\t\t<\/div>\n\t\t\t\t\t\t<\/div>\t\t\t\t\t<\/div>\n\t\t\t\t\t\t\t\t\t<div class=\"wf-cell shown\">\n\t\t\t\t\t\t<div class=\"the7-icon-box-grid\">\t\t\t\t\t\t\t<div class=\"box-content-wrapper\">\n\t\t\t\t\t\t\t\t\t\t\t\t\t\t\t\t\t<a class=\"elementor-icon-div\" aria-label=\"Consectetur ullamcorper mattis pulvinar dapibus\">\t\t\t\t\t\t\t\t\t\t<div class=\"elementor-icon\">\n\t\t\t\t\t\t\t\t\t\t\t\t\t\t\t\t\t\t\t\t\t<\/div>\n\t\t\t\t\t\t\t\t\t<\/a>\t\t\t\t\t\t\t\t\t\t\t\t\t\t\t\t<div class=\"box-content\">\n\t\t\t\t\t\t\t\t\t\t\t\t\t\t\t\t\t\t\t\t\t\t\t\t\t\t\t\t\t<h4 class=\"box-heading\">\n\t\t\t\t\t\t\t\t\t\t\t<a aria-label=\"Consectetur ullamcorper mattis pulvinar dapibus\">\t\t\t\t\t\t\t\t\t\t\t\tConsectetur ullamcorper mattis pulvinar dapibus\t\t\t\t\t\t\t\t\t\t\t<\/a>\t\t\t\t\t\t\t\t\t\t<\/h4>\n\t\t\t\t\t\t\t\t\t\t\t\t\t\t\t\t\t\t\t\t\t\t\t\t\t\t\t\t\t\t\t\t\t\t\t<\/div>\n\t\t\t\t\t\t\t<\/div>\n\t\t\t\t\t\t<\/div>\t\t\t\t\t<\/div>\n\t\t\t\t\t\t\t\t\t<div class=\"wf-cell shown\">\n\t\t\t\t\t\t<div class=\"the7-icon-box-grid\">\t\t\t\t\t\t\t<div class=\"box-content-wrapper\">\n\t\t\t\t\t\t\t\t\t\t\t\t\t\t\t\t\t<a class=\"elementor-icon-div\" aria-label=\"100% libero justo facilisis dolor amet\">\t\t\t\t\t\t\t\t\t\t<div class=\"elementor-icon\">\n\t\t\t\t\t\t\t\t\t\t\t\t\t\t\t\t\t\t\t\t\t<\/div>\n\t\t\t\t\t\t\t\t\t<\/a>\t\t\t\t\t\t\t\t\t\t\t\t\t\t\t\t<div class=\"box-content\">\n\t\t\t\t\t\t\t\t\t\t\t\t\t\t\t\t\t\t\t\t\t\t\t\t\t\t\t\t\t<h4 class=\"box-heading\">\n\t\t\t\t\t\t\t\t\t\t\t<a aria-label=\"100% libero justo facilisis dolor amet\">\t\t\t\t\t\t\t\t\t\t\t\t100% libero justo facilisis dolor amet\t\t\t\t\t\t\t\t\t\t\t<\/a>\t\t\t\t\t\t\t\t\t\t<\/h4>\n\t\t\t\t\t\t\t\t\t\t\t\t\t\t\t\t\t\t\t\t\t\t\t\t\t\t\t\t\t\t\t\t\t\t\t<\/div>\n\t\t\t\t\t\t\t<\/div>\n\t\t\t\t\t\t<\/div>\t\t\t\t\t<\/div>\n\t\t\t\t\t\t\t<\/div>\n\t\t<\/div>\t\t\t\t<\/div>\n\t\t\t\t<\/div>\n\t\t\t\t\t<\/div>\n\t\t<\/div>\n\t\t\t\t\t<\/div>\n\t\t<\/section>\n\t\t\t\t<section class=\"elementor-section elementor-top-section elementor-element elementor-element-9cd547a elementor-section-boxed elementor-section-height-default elementor-section-height-default\" data-id=\"9cd547a\" data-element_type=\"section\" data-e-type=\"section\">\n\t\t\t\t\t\t<div class=\"elementor-container elementor-column-gap-wide\">\n\t\t\t\t\t<div class=\"elementor-column elementor-col-100 elementor-top-column elementor-element elementor-element-2985642\" data-id=\"2985642\" data-element_type=\"column\" data-e-type=\"column\">\n\t\t\t<div class=\"elementor-widget-wrap elementor-element-populated\">\n\t\t\t\t\t\t<div class=\"elementor-element elementor-element-6399228 elementor-widget elementor-widget-image\" data-id=\"6399228\" data-element_type=\"widget\" data-e-type=\"widget\" data-widget_type=\"image.default\">\n\t\t\t\t\t\t\t\t\t\t\t\t\t\t\t<img decoding=\"async\" data-src=\"https:\/\/www.agtm.fi\/wp-content\/uploads\/2022\/12\/shop167965976.jpg\" title=\"\" alt=\"\" src=\"data:image\/svg+xml;base64,PHN2ZyB3aWR0aD0iMSIgaGVpZ2h0PSIxIiB4bWxucz0iaHR0cDovL3d3dy53My5vcmcvMjAwMC9zdmciPjwvc3ZnPg==\" class=\"lazyload\" \/>\t\t\t\t\t\t\t\t\t\t\t\t\t\t\t<\/div>\n\t\t\t\t\t<\/div>\n\t\t<\/div>\n\t\t\t\t\t<\/div>\n\t\t<\/section>\n\t\t\t\t<\/div>\n\t\t","protected":false},"excerpt":{"rendered":"<p>Veitsimultaimet ovat nyt suuressa suosiossa niiden suuren tehokkuuden ja soveltuvuuden kaikille maalajeille ja olosuhteille. Blackbirdin sielu on uusi ECQ-jakaja, joka on k\u00e4yt\u00e4nn\u00f6ss\u00e4 tukkutumaton. Siin\u00e4 on patentoitu kolmiomallinen veitsiter\u00e4 ja kaikki purkuaukot ovat samalla tasalla. Leikkuri leikkaa pienell\u00e4 energialla pitk\u00e4t kasvij\u00e4tetupot yms poikki, ilman vaaraa nousta irti leikkuupinnasta, koska ne eiv\u00e4t ole jousi kuormitteiset vaan ep\u00e4keskoa vasten. Koska purkuaukot ovat samalla tasalla pisimm\u00e4n ja lyhyimm\u00e4n letkun lietem\u00e4\u00e4r\u00e4 ero on ainoastaan 4 %, kun kilpailijoilla se on jopa 25 %.<\/p>\n<p>&nbsp;<\/p>\n<ul>\n<li>Kaksi jakajainen<\/li>\n<li>Ty\u00f6leveydet 12 m, 15 m, 18 m, 21 m ja 24 m<\/li>\n<li>Sivulohkot taittuvat eteenp\u00e4in vaunun sivulle, johon niille tarvitaan paikka lukitteille<\/li>\n<li>Nelipiste kiinnitys<\/li>\n<li>Vannaspaino 12 kg<\/li>\n<\/ul>\n<p>&nbsp;<\/p>\n<p>&nbsp;<\/p>\n","protected":false},"featured_media":48074,"template":"","meta":{"_acf_changed":false,"_seopress_robots_primary_cat":"","_seopress_titles_title":"","_seopress_titles_desc":"","_seopress_robots_index":""},"product_brand":[],"product_cat":[298],"product_tag":[299],"class_list":{"0":"post-48645","1":"product","2":"type-product","3":"status-publish","4":"has-post-thumbnail","6":"product_cat-veitsimultain","7":"product_tag-vogelsang","9":"first","10":"instock","11":"featured","12":"shipping-taxable","13":"product-type-simple"},"acf":[],"_links":{"self":[{"href":"https:\/\/www.agtm.fi\/fi\/wp-json\/wp\/v2\/product\/48645","targetHints":{"allow":["GET"]}}],"collection":[{"href":"https:\/\/www.agtm.fi\/fi\/wp-json\/wp\/v2\/product"}],"about":[{"href":"https:\/\/www.agtm.fi\/fi\/wp-json\/wp\/v2\/types\/product"}],"wp:featuredmedia":[{"embeddable":true,"href":"https:\/\/www.agtm.fi\/fi\/wp-json\/wp\/v2\/media\/48074"}],"wp:attachment":[{"href":"https:\/\/www.agtm.fi\/fi\/wp-json\/wp\/v2\/media?parent=48645"}],"wp:term":[{"taxonomy":"product_brand","embeddable":true,"href":"https:\/\/www.agtm.fi\/fi\/wp-json\/wp\/v2\/product_brand?post=48645"},{"taxonomy":"product_cat","embeddable":true,"href":"https:\/\/www.agtm.fi\/fi\/wp-json\/wp\/v2\/product_cat?post=48645"},{"taxonomy":"product_tag","embeddable":true,"href":"https:\/\/www.agtm.fi\/fi\/wp-json\/wp\/v2\/product_tag?post=48645"}],"curies":[{"name":"wp","href":"https:\/\/api.w.org\/{rel}","templated":true}]}}